{"id":51,"date":"2017-06-21T14:17:14","date_gmt":"2017-06-21T14:17:14","guid":{"rendered":"https:\/\/hgtelecom.com.br\/site\/?page_id=51"},"modified":"2017-12-19T18:38:15","modified_gmt":"2017-12-19T18:38:15","slug":"manutencao-e-assistencia-tecnica","status":"publish","type":"page","link":"https:\/\/hgtelecom.com.br\/site\/manutencao-e-assistencia-tecnica\/","title":{"rendered":"Manuten\u00e7\u00e3o e Assist\u00eancia T\u00e9cnica"},"content":{"rendered":"<p>[et_pb_section bb_built=&#8221;1&#8243; fullwidth=&#8221;on&#8221; specialty=&#8221;off&#8221; _builder_version=&#8221;3.0.87&#8243; custom_padding=&#8221;0px|||&#8221;][et_pb_fullwidth_image _builder_version=&#8221;3.0.87&#8243; src=&#8221;https:\/\/hgtelecom.com.br\/site\/wp-content\/uploads\/2017\/06\/topo-assistencia-min.jpg&#8221; show_in_lightbox=&#8221;off&#8221; url_new_window=&#8221;off&#8221; use_overlay=&#8221;off&#8221; custom_margin=&#8221;0px|||&#8221; \/][et_pb_fullwidth_image _builder_version=&#8221;3.0.87&#8243; src=&#8221;https:\/\/hgtelecom.com.br\/site\/wp-content\/uploads\/2017\/06\/bg_primaryteaser_shadow_bottom.png&#8221; show_in_lightbox=&#8221;off&#8221; url_new_window=&#8221;off&#8221; use_overlay=&#8221;off&#8221; custom_margin=&#8221;0px|||&#8221; \/][\/et_pb_section][et_pb_section bb_built=&#8221;1&#8243; admin_label=&#8221;section&#8221;][et_pb_row admin_label=&#8221;row&#8221; background_position=&#8221;top_left&#8221; background_repeat=&#8221;repeat&#8221; background_size=&#8221;initial&#8221; _builder_version=&#8221;3.0.87&#8243; custom_padding=&#8221;||0px|&#8221;][et_pb_column type=&#8221;4_4&#8243;][et_pb_text admin_label=&#8221;Manuten\u00e7\u00e3o e Assist\u00eancia T\u00e9cnica&#8221; _builder_version=&#8221;3.0.92&#8243; background_layout=&#8221;light&#8221;]<\/p>\n<h3 style=\"text-align: center;\"><strong>Manuten\u00e7\u00e3o e Assist\u00eancia T\u00e9cnica<\/strong><\/h3>\n<p>[\/et_pb_text][\/et_pb_column][\/et_pb_row][et_pb_row][et_pb_column type=&#8221;4_4&#8243;][et_pb_text _builder_version=&#8221;3.0.92&#8243; background_layout=&#8221;light&#8221;]<\/p>\n<p>O que \u00e9 manuten\u00e7\u00e3o?<\/p>\n<p style=\"text-align: justify;\">\u25ba A manuten\u00e7\u00e3o tem o intuito de reparar ou repor algo que n\u00e3o est\u00e1 funcionando bem, ou seja, o ramal ou linha est\u00e1 muda, com ru\u00eddo, esses s\u00e3o alguns procblemas que podem ocorrer para a manuten\u00e7\u00e3o de um PABX, na fia\u00e7\u00e3o ou na voz de sua operadora, o intuito da HG \u00e9 reparar para que o seu sistema de telefonia volte a funcionar.<\/p>\n<p style=\"text-align: justify;\">O sistema de telefonia de qualquer empresa ainda \u00e9 um importante canal de comunica\u00e7\u00e3o entre voc\u00ea seus clientes, fornecedores e colaboradores. Por isso sua Central Pabx deve estar em perfeito estado , bem otimizada para evitar gastos desnecess\u00e1rios ou uso indevido.<\/p>\n<p style=\"text-align: justify;\"><strong>HG Telecom<\/strong> oferecer exatamente isso a voc\u00ea cliente os equipamentos necess\u00e1rios e equipe t\u00e9cnica especializada que realiza desde \u00e0 implanta\u00e7\u00e3o total do sistema pabx da empresa at\u00e9 a manuten\u00e7\u00e3o do equipamento j\u00e1 existente no local. Levamos em conta as necessidades de cada cliente, suas configura\u00e7\u00f5es atuais,\u00a0 poss\u00edveis expans\u00f5es do pabx e levamos informa\u00e7\u00f5es valiosas at\u00e9 voc\u00ea cliente.<\/p>\n<p><strong>HG Solu\u00e7\u00f5es em Telefonia, n\u00f3s falamos a l\u00edngua de seus neg\u00f3cios<\/strong><\/p>\n<p><strong>Oferecemos: <\/strong><\/p>\n<p><strong>* Assist\u00eancia\/ manuten\u00e7\u00e3o\/ conserto em seu pabx usado;<\/strong><\/p>\n<ul>\n<li><strong>Contrato mensal de assist\u00eancia (Sem limites de visitas mensais);<\/strong><\/li>\n<li><strong>Manuten\u00e7\u00e3o de linhas e ramais;<\/strong><\/li>\n<li><strong>Manuten\u00e7\u00e3o em terminal inteligente (KS); <\/strong><\/li>\n<li><strong>Atualiza\u00e7\u00f5es Software de controle das liga\u00e7\u00f5es para economia (Taritron);<\/strong><\/li>\n<li><strong>Manuten\u00e7\u00e3o em CallCenter;<\/strong><\/li>\n<li><strong>Configura\u00e7\u00f5es em Ramais IP e tronco IP<\/strong><\/li>\n<\/ul>\n<p>[\/et_pb_text][\/et_pb_column][\/et_pb_row][\/et_pb_section][et_pb_section bb_built=&#8221;1&#8243; fullwidth=&#8221;off&#8221; specialty=&#8221;off&#8221; _builder_version=&#8221;3.0.87&#8243; background_color=&#8221;#eeeeee&#8221; custom_padding=&#8221;3px||3px|&#8221;][et_pb_row background_position=&#8221;top_left&#8221; background_repeat=&#8221;repeat&#8221; background_size=&#8221;initial&#8221; _builder_version=&#8221;3.0.87&#8243; background_position_1=&#8221;top_left&#8221; background_repeat_1=&#8221;no-repeat&#8221; custom_padding=&#8221;1px||1px|&#8221;][et_pb_column type=&#8221;4_4&#8243;][et_pb_code _builder_version=&#8221;3.0.92&#8243;]\r\n            <style type=\"text\/css\">\r\n\r\n                \r\n                                .lcs_logo_container a.lcs_logo_link:hover { border: 1px solid #A0A0A0; ?>; }\r\n                .lcs_logo_container a:hover img { -moz-transform: scale(1.05); -webkit-transform: scale(1.05); -o-transform: scale(1.05); -ms-transform: scale(1.05); transform: scale(1.05); }\r\n                                                .lcs_logo_container a.lcs_logo_link, .lcs_logo_container a.lcs_logo_link:hover { border: none; }\r\n                                #lcs_logo_carousel_wrapper .owl-nav {\r\n                    position: absolute;\r\n                    margin-top: 0;\r\n                }\r\n\r\n                \/* TOP Right*\/\r\n                                #lcs_logo_carousel_wrapper .owl-nav {\r\n                    right: 0;\r\n                    top: -34px;\r\n                }\r\n                                \/* TOP Left*\/\r\n                \r\n                #lcs_logo_carousel_wrapper .owl-nav div {\r\n                    background: #ffffff;\r\n                    border-radius: 2px;\r\n                    margin: 2px;\r\n                    padding: 0;\r\n                    width: 27px;\r\n                    height: 27px;\r\n                    line-height: 20px;\r\n                    font-size: 22px;\r\n                    color: #ccc;\r\n                    border: 1px solid #ccc;\r\n                    opacity: 1;\r\n                    z-index: 999;\r\n                    -moz-transition: all 0.3s linear;\r\n                    -o-transition: all 0.3s linear;\r\n                    -webkit-transition: all 0.3s linear;\r\n                    transition: all 0.3s linear;\r\n            <\/style>\r\n\r\n                        <div id=\"lcs_logo_carousel_wrapper\">\r\n                <div id=\"lcs_logo_carousel_slider\" class=\"owl-carousel owl-theme\">\r\n                    \r\n                                                <div class=\"lcs_logo_container\">\r\n\r\n\r\n                                                            <a class=\"lcs_logo_link not_active\">\r\n                                    <img decoding=\"async\" src=\"https:\/\/hgtelecom.com.br\/site\/wp-content\/uploads\/2017\/06\/logo-ctbc-90x45.jpg\" alt=\"\" \/>                                <\/a>\r\n                                                                                <\/div>\r\n                    \r\n                                                <div class=\"lcs_logo_container\">\r\n\r\n\r\n                                                            <a class=\"lcs_logo_link not_active\">\r\n                                    <img decoding=\"async\" src=\"https:\/\/hgtelecom.com.br\/site\/wp-content\/uploads\/2017\/06\/logo-digistar-90x45.jpg\" alt=\"\" \/>                                <\/a>\r\n                                                                                <\/div>\r\n                    \r\n                                                <div class=\"lcs_logo_container\">\r\n\r\n\r\n                                                            <a class=\"lcs_logo_link not_active\">\r\n                                    <img decoding=\"async\" src=\"https:\/\/hgtelecom.com.br\/site\/wp-content\/uploads\/2017\/06\/logo-embratel-90x45.jpg\" alt=\"\" \/>                                <\/a>\r\n                                                                                <\/div>\r\n                    \r\n                                                <div class=\"lcs_logo_container\">\r\n\r\n\r\n                                                            <a class=\"lcs_logo_link not_active\">\r\n                                    <img decoding=\"async\" src=\"https:\/\/hgtelecom.com.br\/site\/wp-content\/uploads\/2017\/06\/logo-gvt-90x45.jpg\" alt=\"\" \/>                                <\/a>\r\n                                                                                <\/div>\r\n                    \r\n                                                <div class=\"lcs_logo_container\">\r\n\r\n\r\n                                                            <a class=\"lcs_logo_link not_active\">\r\n                                    <img decoding=\"async\" src=\"https:\/\/hgtelecom.com.br\/site\/wp-content\/uploads\/2017\/06\/logo-intelbras2-90x45.jpg\" alt=\"\" \/>                                <\/a>\r\n                                                                                <\/div>\r\n                    \r\n                                                <div class=\"lcs_logo_container\">\r\n\r\n\r\n                                                            <a class=\"lcs_logo_link not_active\">\r\n                                    <img decoding=\"async\" src=\"https:\/\/hgtelecom.com.br\/site\/wp-content\/uploads\/2017\/06\/logo-leucotron-90x45.jpg\" alt=\"\" \/>                                <\/a>\r\n                                                                                <\/div>\r\n                    \r\n                                                <div class=\"lcs_logo_container\">\r\n\r\n\r\n                                                            <a class=\"lcs_logo_link not_active\">\r\n                                    <img decoding=\"async\" src=\"https:\/\/hgtelecom.com.br\/site\/wp-content\/uploads\/2017\/06\/logo-maxcom-1-90x45.jpg\" alt=\"\" \/>                                <\/a>\r\n                                                                                <\/div>\r\n                    \r\n                                                <div class=\"lcs_logo_container\">\r\n\r\n\r\n                                                            <a class=\"lcs_logo_link not_active\">\r\n                                    <img decoding=\"async\" src=\"https:\/\/hgtelecom.com.br\/site\/wp-content\/uploads\/2017\/06\/logo-siemens-1-90x45.jpg\" alt=\"\" \/>                                <\/a>\r\n                                                                                <\/div>\r\n                    \r\n                                                <div class=\"lcs_logo_container\">\r\n\r\n\r\n                                                            <a class=\"lcs_logo_link not_active\">\r\n                                    <img decoding=\"async\" src=\"https:\/\/hgtelecom.com.br\/site\/wp-content\/uploads\/2017\/06\/logo-vivo-90x45.jpg\" alt=\"\" \/>                                <\/a>\r\n                                                                                <\/div>\r\n                                                        <\/div> <!-- End lcs_logo_carousel_slider -->\r\n            <\/div> <!--ends #lcs_logo_carousel_wrapper-->\r\n\r\n            <!--UPDATED Carousel VERSION CODE-->\r\n            <!--INITIALIZE THE SLIDER-->\r\n            <script>\r\n                jQuery(document).ready(function($){\r\n                    var logoSlider = $(\"#lcs_logo_carousel_slider\");\r\n\r\n                    logoSlider.owlCarousel({\r\n                        loop:true,\r\n                        autoWidth:false,\r\n                        responsiveClass:true,\r\n                        dots:false,\r\n                        autoplay:true,\r\n\r\n                        autoplayTimeout: 4000,\r\n                        autoplayHoverPause: false,\r\n                        dotData:true,\r\n                        dotsEach:false,\r\n                        slideBy:1,\r\n                        rtl:false,\r\n                        nav:false,\r\n                        navText:['\u2039','\u203a'],\r\n                        smartSpeed: 1000, \/\/ it smooths the transition\r\n                        responsive:{\r\n                            0 : {\r\n                                items:2\r\n                            },\r\n                            500: {\r\n                                items:3\r\n                            },\r\n                            600 : {\r\n                                items:3\r\n                            },\r\n                            768:{\r\n                                items:4\r\n                            },\r\n                            1199:{\r\n                                items:5                            }\r\n                        }\r\n                    });\r\n\r\n\r\n                    \/\/ custom navigation button for slider\r\n                    \/\/ at first. let us cache the element\r\n                    var $lcs_wrap = $('#lcs_logo_carousel_wrapper');\r\n                    \/\/ Go to the next item\r\n                    $lcs_wrap.on('click', '.prev', function () {\r\n                        logoSlider.trigger('prev.owl.carousel');\r\n                    });\r\n\r\n                    \/\/ Go to the previous item\r\n                    $lcs_wrap.on('click', '.next', function () {\r\n                        \/\/ With optional speed parameter\r\n                        \/\/ Parameters has to be in square bracket '[]'\r\n                        logoSlider.trigger('next.owl.carousel');\r\n                    })\r\n\r\n\r\n                });\r\n            <\/script>\r\n            [\/et_pb_code][\/et_pb_column][\/et_pb_row][\/et_pb_section]<\/p>\n","protected":false},"excerpt":{"rendered":"<p>[et_pb_section bb_built=&#8221;1&#8243; fullwidth=&#8221;on&#8221; specialty=&#8221;off&#8221; _builder_version=&#8221;3.0.87&#8243; custom_padding=&#8221;0px|||&#8221;][et_pb_fullwidth_image _builder_version=&#8221;3.0.87&#8243; src=&#8221;https:\/\/hgtelecom.com.br\/site\/wp-content\/uploads\/2017\/06\/topo-assistencia-min.jpg&#8221; show_in_lightbox=&#8221;off&#8221; url_new_window=&#8221;off&#8221; use_overlay=&#8221;off&#8221; custom_margin=&#8221;0px|||&#8221; \/][et_pb_fullwidth_image _builder_version=&#8221;3.0.87&#8243; src=&#8221;https:\/\/hgtelecom.com.br\/site\/wp-content\/uploads\/2017\/06\/bg_primaryteaser_shadow_bottom.png&#8221; show_in_lightbox=&#8221;off&#8221; url_new_window=&#8221;off&#8221; use_overlay=&#8221;off&#8221; custom_margin=&#8221;0px|||&#8221; \/][\/et_pb_section][et_pb_section bb_built=&#8221;1&#8243; admin_label=&#8221;section&#8221;][et_pb_row admin_label=&#8221;row&#8221; background_position=&#8221;top_left&#8221; background_repeat=&#8221;repeat&#8221; background_size=&#8221;initial&#8221; _builder_version=&#8221;3.0.87&#8243; custom_padding=&#8221;||0px|&#8221;][et_pb_column type=&#8221;4_4&#8243;][et_pb_text admin_label=&#8221;Manuten\u00e7\u00e3o e Assist\u00eancia T\u00e9cnica&#8221; _builder_version=&#8221;3.0.92&#8243; background_layout=&#8221;light&#8221;] Manuten\u00e7\u00e3o e Assist\u00eancia T\u00e9cnica [\/et_pb_text][\/et_pb_column][\/et_pb_row][et_pb_row][et_pb_column type=&#8221;4_4&#8243;][et_pb_text _builder_version=&#8221;3.0.92&#8243; background_layout=&#8221;light&#8221;] O que \u00e9 manuten\u00e7\u00e3o? \u25ba A manuten\u00e7\u00e3o tem o intuito de reparar [&hellip;]<\/p>\n","protected":false},"author":1,"featured_media":0,"parent":0,"menu_order":0,"comment_status":"closed","ping_status":"closed","template":"","meta":{"_et_pb_use_builder":"on","_et_pb_old_content":"","_et_gb_content_width":"","footnotes":""},"class_list":["post-51","page","type-page","status-publish","hentry"],"yoast_head":"<!-- This site is optimized with the Yoast SEO plugin v27.3 - https:\/\/yoast.com\/product\/yoast-seo-wordpress\/ -->\n<title>Manuten\u00e7\u00e3o e Assist\u00eancia T\u00e9cnica - HG Telecom<\/title>\n<meta name=\"robots\" content=\"index, follow, max-snippet:-1, max-image-preview:large, max-video-preview:-1\" \/>\n<link rel=\"canonical\" href=\"https:\/\/hgtelecom.com.br\/site\/manutencao-e-assistencia-tecnica\/\" \/>\n<meta property=\"og:locale\" content=\"pt_BR\" \/>\n<meta property=\"og:type\" content=\"article\" \/>\n<meta property=\"og:title\" content=\"Manuten\u00e7\u00e3o e Assist\u00eancia T\u00e9cnica - HG Telecom\" \/>\n<meta property=\"og:description\" content=\"[et_pb_section bb_built=&#8221;1&#8243; fullwidth=&#8221;on&#8221; specialty=&#8221;off&#8221; _builder_version=&#8221;3.0.87&#8243; custom_padding=&#8221;0px|||&#8221;][et_pb_fullwidth_image _builder_version=&#8221;3.0.87&#8243; src=&#8221;https:\/\/hgtelecom.com.br\/site\/wp-content\/uploads\/2017\/06\/topo-assistencia-min.jpg&#8221; show_in_lightbox=&#8221;off&#8221; url_new_window=&#8221;off&#8221; use_overlay=&#8221;off&#8221; custom_margin=&#8221;0px|||&#8221; \/][et_pb_fullwidth_image _builder_version=&#8221;3.0.87&#8243; src=&#8221;https:\/\/hgtelecom.com.br\/site\/wp-content\/uploads\/2017\/06\/bg_primaryteaser_shadow_bottom.png&#8221; show_in_lightbox=&#8221;off&#8221; url_new_window=&#8221;off&#8221; use_overlay=&#8221;off&#8221; custom_margin=&#8221;0px|||&#8221; \/][\/et_pb_section][et_pb_section bb_built=&#8221;1&#8243; admin_label=&#8221;section&#8221;][et_pb_row admin_label=&#8221;row&#8221; background_position=&#8221;top_left&#8221; background_repeat=&#8221;repeat&#8221; background_size=&#8221;initial&#8221; _builder_version=&#8221;3.0.87&#8243; custom_padding=&#8221;||0px|&#8221;][et_pb_column type=&#8221;4_4&#8243;][et_pb_text admin_label=&#8221;Manuten\u00e7\u00e3o e Assist\u00eancia T\u00e9cnica&#8221; _builder_version=&#8221;3.0.92&#8243; background_layout=&#8221;light&#8221;] Manuten\u00e7\u00e3o e Assist\u00eancia T\u00e9cnica [\/et_pb_text][\/et_pb_column][\/et_pb_row][et_pb_row][et_pb_column type=&#8221;4_4&#8243;][et_pb_text _builder_version=&#8221;3.0.92&#8243; background_layout=&#8221;light&#8221;] O que \u00e9 manuten\u00e7\u00e3o? \u25ba A manuten\u00e7\u00e3o tem o intuito de reparar [&hellip;]\" \/>\n<meta property=\"og:url\" content=\"https:\/\/hgtelecom.com.br\/site\/manutencao-e-assistencia-tecnica\/\" \/>\n<meta property=\"og:site_name\" content=\"HG Telecom\" \/>\n<meta property=\"article:publisher\" content=\"https:\/\/www.facebook.com\/hgtelecomjundiai\/\" \/>\n<meta property=\"article:modified_time\" content=\"2017-12-19T18:38:15+00:00\" \/>\n<meta name=\"twitter:card\" content=\"summary_large_image\" \/>\n<meta name=\"twitter:label1\" content=\"Est. tempo de leitura\" \/>\n\t<meta name=\"twitter:data1\" content=\"2 minutos\" \/>\n<script type=\"application\/ld+json\" class=\"yoast-schema-graph\">{\"@context\":\"https:\\\/\\\/schema.org\",\"@graph\":[{\"@type\":\"WebPage\",\"@id\":\"https:\\\/\\\/hgtelecom.com.br\\\/site\\\/manutencao-e-assistencia-tecnica\\\/\",\"url\":\"https:\\\/\\\/hgtelecom.com.br\\\/site\\\/manutencao-e-assistencia-tecnica\\\/\",\"name\":\"Manuten\u00e7\u00e3o e Assist\u00eancia T\u00e9cnica - HG Telecom\",\"isPartOf\":{\"@id\":\"https:\\\/\\\/hgtelecom.com.br\\\/site\\\/#website\"},\"datePublished\":\"2017-06-21T14:17:14+00:00\",\"dateModified\":\"2017-12-19T18:38:15+00:00\",\"breadcrumb\":{\"@id\":\"https:\\\/\\\/hgtelecom.com.br\\\/site\\\/manutencao-e-assistencia-tecnica\\\/#breadcrumb\"},\"inLanguage\":\"pt-BR\",\"potentialAction\":[{\"@type\":\"ReadAction\",\"target\":[\"https:\\\/\\\/hgtelecom.com.br\\\/site\\\/manutencao-e-assistencia-tecnica\\\/\"]}]},{\"@type\":\"BreadcrumbList\",\"@id\":\"https:\\\/\\\/hgtelecom.com.br\\\/site\\\/manutencao-e-assistencia-tecnica\\\/#breadcrumb\",\"itemListElement\":[{\"@type\":\"ListItem\",\"position\":1,\"name\":\"In\u00edcio\",\"item\":\"https:\\\/\\\/hgtelecom.com.br\\\/site\\\/\"},{\"@type\":\"ListItem\",\"position\":2,\"name\":\"Manuten\u00e7\u00e3o e Assist\u00eancia T\u00e9cnica\"}]},{\"@type\":\"WebSite\",\"@id\":\"https:\\\/\\\/hgtelecom.com.br\\\/site\\\/#website\",\"url\":\"https:\\\/\\\/hgtelecom.com.br\\\/site\\\/\",\"name\":\"HG Telecom\",\"description\":\"HG Telecom\",\"publisher\":{\"@id\":\"https:\\\/\\\/hgtelecom.com.br\\\/site\\\/#organization\"},\"potentialAction\":[{\"@type\":\"SearchAction\",\"target\":{\"@type\":\"EntryPoint\",\"urlTemplate\":\"https:\\\/\\\/hgtelecom.com.br\\\/site\\\/?s={search_term_string}\"},\"query-input\":{\"@type\":\"PropertyValueSpecification\",\"valueRequired\":true,\"valueName\":\"search_term_string\"}}],\"inLanguage\":\"pt-BR\"},{\"@type\":\"Organization\",\"@id\":\"https:\\\/\\\/hgtelecom.com.br\\\/site\\\/#organization\",\"name\":\"HG Telecom\",\"url\":\"https:\\\/\\\/hgtelecom.com.br\\\/site\\\/\",\"logo\":{\"@type\":\"ImageObject\",\"inLanguage\":\"pt-BR\",\"@id\":\"https:\\\/\\\/hgtelecom.com.br\\\/site\\\/#\\\/schema\\\/logo\\\/image\\\/\",\"url\":\"https:\\\/\\\/hgtelecom.com.br\\\/site\\\/wp-content\\\/uploads\\\/2017\\\/06\\\/logo.png\",\"contentUrl\":\"https:\\\/\\\/hgtelecom.com.br\\\/site\\\/wp-content\\\/uploads\\\/2017\\\/06\\\/logo.png\",\"width\":152,\"height\":86,\"caption\":\"HG Telecom\"},\"image\":{\"@id\":\"https:\\\/\\\/hgtelecom.com.br\\\/site\\\/#\\\/schema\\\/logo\\\/image\\\/\"},\"sameAs\":[\"https:\\\/\\\/www.facebook.com\\\/hgtelecomjundiai\\\/\"]}]}<\/script>\n<!-- \/ Yoast SEO plugin. -->","yoast_head_json":{"title":"Manuten\u00e7\u00e3o e Assist\u00eancia T\u00e9cnica - HG Telecom","robots":{"index":"index","follow":"follow","max-snippet":"max-snippet:-1","max-image-preview":"max-image-preview:large","max-video-preview":"max-video-preview:-1"},"canonical":"https:\/\/hgtelecom.com.br\/site\/manutencao-e-assistencia-tecnica\/","og_locale":"pt_BR","og_type":"article","og_title":"Manuten\u00e7\u00e3o e Assist\u00eancia T\u00e9cnica - HG Telecom","og_description":"[et_pb_section bb_built=&#8221;1&#8243; fullwidth=&#8221;on&#8221; specialty=&#8221;off&#8221; _builder_version=&#8221;3.0.87&#8243; custom_padding=&#8221;0px|||&#8221;][et_pb_fullwidth_image _builder_version=&#8221;3.0.87&#8243; src=&#8221;https:\/\/hgtelecom.com.br\/site\/wp-content\/uploads\/2017\/06\/topo-assistencia-min.jpg&#8221; show_in_lightbox=&#8221;off&#8221; url_new_window=&#8221;off&#8221; use_overlay=&#8221;off&#8221; custom_margin=&#8221;0px|||&#8221; \/][et_pb_fullwidth_image _builder_version=&#8221;3.0.87&#8243; src=&#8221;https:\/\/hgtelecom.com.br\/site\/wp-content\/uploads\/2017\/06\/bg_primaryteaser_shadow_bottom.png&#8221; show_in_lightbox=&#8221;off&#8221; url_new_window=&#8221;off&#8221; use_overlay=&#8221;off&#8221; custom_margin=&#8221;0px|||&#8221; \/][\/et_pb_section][et_pb_section bb_built=&#8221;1&#8243; admin_label=&#8221;section&#8221;][et_pb_row admin_label=&#8221;row&#8221; background_position=&#8221;top_left&#8221; background_repeat=&#8221;repeat&#8221; background_size=&#8221;initial&#8221; _builder_version=&#8221;3.0.87&#8243; custom_padding=&#8221;||0px|&#8221;][et_pb_column type=&#8221;4_4&#8243;][et_pb_text admin_label=&#8221;Manuten\u00e7\u00e3o e Assist\u00eancia T\u00e9cnica&#8221; _builder_version=&#8221;3.0.92&#8243; background_layout=&#8221;light&#8221;] Manuten\u00e7\u00e3o e Assist\u00eancia T\u00e9cnica [\/et_pb_text][\/et_pb_column][\/et_pb_row][et_pb_row][et_pb_column type=&#8221;4_4&#8243;][et_pb_text _builder_version=&#8221;3.0.92&#8243; background_layout=&#8221;light&#8221;] O que \u00e9 manuten\u00e7\u00e3o? \u25ba A manuten\u00e7\u00e3o tem o intuito de reparar [&hellip;]","og_url":"https:\/\/hgtelecom.com.br\/site\/manutencao-e-assistencia-tecnica\/","og_site_name":"HG Telecom","article_publisher":"https:\/\/www.facebook.com\/hgtelecomjundiai\/","article_modified_time":"2017-12-19T18:38:15+00:00","twitter_card":"summary_large_image","twitter_misc":{"Est. tempo de leitura":"2 minutos"},"schema":{"@context":"https:\/\/schema.org","@graph":[{"@type":"WebPage","@id":"https:\/\/hgtelecom.com.br\/site\/manutencao-e-assistencia-tecnica\/","url":"https:\/\/hgtelecom.com.br\/site\/manutencao-e-assistencia-tecnica\/","name":"Manuten\u00e7\u00e3o e Assist\u00eancia T\u00e9cnica - HG Telecom","isPartOf":{"@id":"https:\/\/hgtelecom.com.br\/site\/#website"},"datePublished":"2017-06-21T14:17:14+00:00","dateModified":"2017-12-19T18:38:15+00:00","breadcrumb":{"@id":"https:\/\/hgtelecom.com.br\/site\/manutencao-e-assistencia-tecnica\/#breadcrumb"},"inLanguage":"pt-BR","potentialAction":[{"@type":"ReadAction","target":["https:\/\/hgtelecom.com.br\/site\/manutencao-e-assistencia-tecnica\/"]}]},{"@type":"BreadcrumbList","@id":"https:\/\/hgtelecom.com.br\/site\/manutencao-e-assistencia-tecnica\/#breadcrumb","itemListElement":[{"@type":"ListItem","position":1,"name":"In\u00edcio","item":"https:\/\/hgtelecom.com.br\/site\/"},{"@type":"ListItem","position":2,"name":"Manuten\u00e7\u00e3o e Assist\u00eancia T\u00e9cnica"}]},{"@type":"WebSite","@id":"https:\/\/hgtelecom.com.br\/site\/#website","url":"https:\/\/hgtelecom.com.br\/site\/","name":"HG Telecom","description":"HG Telecom","publisher":{"@id":"https:\/\/hgtelecom.com.br\/site\/#organization"},"potentialAction":[{"@type":"SearchAction","target":{"@type":"EntryPoint","urlTemplate":"https:\/\/hgtelecom.com.br\/site\/?s={search_term_string}"},"query-input":{"@type":"PropertyValueSpecification","valueRequired":true,"valueName":"search_term_string"}}],"inLanguage":"pt-BR"},{"@type":"Organization","@id":"https:\/\/hgtelecom.com.br\/site\/#organization","name":"HG Telecom","url":"https:\/\/hgtelecom.com.br\/site\/","logo":{"@type":"ImageObject","inLanguage":"pt-BR","@id":"https:\/\/hgtelecom.com.br\/site\/#\/schema\/logo\/image\/","url":"https:\/\/hgtelecom.com.br\/site\/wp-content\/uploads\/2017\/06\/logo.png","contentUrl":"https:\/\/hgtelecom.com.br\/site\/wp-content\/uploads\/2017\/06\/logo.png","width":152,"height":86,"caption":"HG Telecom"},"image":{"@id":"https:\/\/hgtelecom.com.br\/site\/#\/schema\/logo\/image\/"},"sameAs":["https:\/\/www.facebook.com\/hgtelecomjundiai\/"]}]}},"_links":{"self":[{"href":"https:\/\/hgtelecom.com.br\/site\/wp-json\/wp\/v2\/pages\/51","targetHints":{"allow":["GET"]}}],"collection":[{"href":"https:\/\/hgtelecom.com.br\/site\/wp-json\/wp\/v2\/pages"}],"about":[{"href":"https:\/\/hgtelecom.com.br\/site\/wp-json\/wp\/v2\/types\/page"}],"author":[{"embeddable":true,"href":"https:\/\/hgtelecom.com.br\/site\/wp-json\/wp\/v2\/users\/1"}],"replies":[{"embeddable":true,"href":"https:\/\/hgtelecom.com.br\/site\/wp-json\/wp\/v2\/comments?post=51"}],"version-history":[{"count":9,"href":"https:\/\/hgtelecom.com.br\/site\/wp-json\/wp\/v2\/pages\/51\/revisions"}],"predecessor-version":[{"id":434,"href":"https:\/\/hgtelecom.com.br\/site\/wp-json\/wp\/v2\/pages\/51\/revisions\/434"}],"wp:attachment":[{"href":"https:\/\/hgtelecom.com.br\/site\/wp-json\/wp\/v2\/media?parent=51"}],"curies":[{"name":"wp","href":"https:\/\/api.w.org\/{rel}","templated":true}]}}